{"id":647,"date":"2023-01-19T13:02:28","date_gmt":"2023-01-19T13:02:28","guid":{"rendered":"https:\/\/fagbladetglas.dk\/?page_id=647"},"modified":"2026-02-12T13:13:04","modified_gmt":"2026-02-12T13:13:04","slug":"bliv-partner","status":"publish","type":"page","link":"https:\/\/fagbladetglas.dk\/index.php\/bliv-partner\/","title":{"rendered":"Bliv partner"},"content":{"rendered":"<p><div class=\"fusion-fullwidth fullwidth-box fusion-builder-row-1 fusion-flex-container has-pattern-background has-mask-background fusion-parallax-none nonhundred-percent-fullwidth non-hundred-percent-height-scrolling\" style=\"background-color: rgba(255,255,255,0);background-image: url(&quot;https:\/\/fagbladetglas.dk\/wp-content\/uploads\/2022\/08\/R_Hjortshoj-HC-Andersen-58_2002x1602.jpg&quot;);background-position: center center;background-repeat: no-repeat;border-width: 0px 0px 0px 0px;border-color:var(--awb-color3);border-style:solid;-webkit-background-size:cover;-moz-background-size:cover;-o-background-size:cover;background-size:cover;\" ><div class=\"fusion-builder-row fusion-row fusion-flex-align-items-flex-start\" style=\"max-width:1248px;margin-left: calc(-4% \/ 2 );margin-right: calc(-4% \/ 2 );\"><div class=\"fusion-layout-column fusion_builder_column fusion-builder-column-0 fusion_builder_column_1_1 1_1 fusion-flex-column fusion-flex-align-self-center\"><div class=\"fusion-column-wrapper fusion-flex-justify-content-flex-start fusion-content-layout-column\" style=\"background-position:left top;background-repeat:no-repeat;-webkit-background-size:cover;-moz-background-size:cover;-o-background-size:cover;background-size:cover;padding: 0px 0px 0px 0px;\"><style type=\"text\/css\">@media only screen and (max-width:1024px) {.fusion-title.fusion-title-1{margin-top:10px!important; margin-right:0px!important;margin-bottom:15px!important;margin-left:0px!important;}}@media only screen and (max-width:360px) {.fusion-title.fusion-title-1{margin-top:10px!important; margin-right:0px!important;margin-bottom:10px!important; margin-left:0px!important;}}<\/style><div class=\"fusion-title title fusion-title-1 fusion-sep-none fusion-title-text fusion-title-size-one\" style=\"font-size:150px;margin-top:10px;margin-right:0px;margin-bottom:15px;margin-left:0px;\"><h1 class=\"title-heading-left\" style=\"margin:0;font-size:1em;letter-spacing:-2.25px;line-height:180px;\"><div style=\"text-align: center;\"><span style=\"background-color: rgba(255, 255, 255, 0); color: var(--h1_typography-color); font-family: var(--h1_typography-font-family); font-size: var(--h1_typography-font-size); font-style: var(--h1_typography-font-style,normal); font-weight: var(--h1_typography-font-weight); letter-spacing: var(--h1_typography-letter-spacing); text-transform: var(--h1_typography-text-transform);\">Bliv partner<\/span><\/div><\/h1><\/div><\/div><style type=\"text\/css\">.fusion-body .fusion-builder-column-0{width:100% !important;margin-top : 0px;margin-bottom : 20px;}.fusion-builder-column-0 > .fusion-column-wrapper {padding-top : 0px !important;padding-right : 0px !important;margin-right : 1.92%;padding-bottom : 0px !important;padding-left : 0px !important;margin-left : 10;}@media only screen and (max-width:1024px) {.fusion-body .fusion-builder-column-0{width:100% !important;order : 0;}.fusion-builder-column-0 > .fusion-column-wrapper {margin-right : 1.92%;margin-left : 10;}}@media only screen and (max-width:360px) {.fusion-body .fusion-builder-column-0{width:100% !important;order : 0;}.fusion-builder-column-0 > .fusion-column-wrapper {margin-right : 1.92%;margin-left : 1.92%;}}<\/style><\/div><\/div><style type=\"text\/css\">.fusion-body .fusion-flex-container.fusion-builder-row-1{ padding-top : 40px;margin-top : 0px;padding-right : 0px;padding-bottom : 160px;margin-bottom : 0px;padding-left : 0px;min-height:800px;}<\/style><\/div><div class=\"fusion-fullwidth fullwidth-box fusion-builder-row-2 fusion-flex-container has-pattern-background has-mask-background nonhundred-percent-fullwidth non-hundred-percent-height-scrolling\" style=\"background-color: var(--awb-color8);background-position: center center;background-repeat: no-repeat;border-width: 0px 0px 0px 0px;border-color:var(--awb-color3);border-style:solid;\" ><div class=\"fusion-builder-row fusion-row fusion-flex-align-items-flex-start\" style=\"max-width:1248px;margin-left: calc(-4% \/ 2 );margin-right: calc(-4% \/ 2 );\"><div class=\"fusion-layout-column fusion_builder_column fusion-builder-column-1 fusion_builder_column_1_1 1_1 fusion-flex-column\"><div class=\"fusion-column-wrapper fusion-flex-justify-content-flex-start fusion-content-layout-column\" style=\"background-position:left top;background-repeat:no-repeat;-webkit-background-size:cover;-moz-background-size:cover;-o-background-size:cover;background-size:cover;padding: 0px 0px 0px 0px;\"><div class=\"fusion-text fusion-text-1\" style=\"font-size:16px;color:#ffffff;margin-top:10px;\"><p style=\"text-align: center;\">Den finansielle rygrad i magasinet udg\u00f8res af en r\u00e6kke partnere, der med hver deres rolle i glasbranchen finder det vigtigt at have sit eget <span style=\"background-color: var(--awb-color8); font-family: var(--body_typography-font-family); font-style: var(--body_typography-font-style,normal); font-weight: var(--body_typography-font-weight); letter-spacing: var(--body_typography-letter-spacing);\">taler\u00f8r med cases, l\u00f8sninger og inspiration om anvendelsen af glas.<\/span><\/p>\n<p style=\"text-align: center;\">Som partner er man sikret en helsides annonce i hvert af \u00e5rets fire numre til en s\u00e6rlig pris samt profilering med logo i fagbladet.<\/p>\n<p style=\"text-align: center;\">Herudover bliver ens virksomhed profileret p\u00e5 magasinets LinkedIn-profil enten med et virksomhedsportr\u00e6t eller med en case eller en s\u00e6rlig glasteknisk l\u00f8sning, man gerne vil inspirere andre med.<\/p>\n<p style=\"text-align: center;\">Der er ogs\u00e5 mulighed for redaktionel omtale i magasinet, s\u00e5fremt en historie eller en nyhed opfylder de redaktionelle kriterier for magasinets indhold. Dediceret reklameindhold henvises til annoncering.<\/p>\n<p>Har du sp\u00f8rgsm\u00e5l \u2013 eller vil du h\u00f8re mere om partnerskabet \u2013 er du velkommen til at kontakte J\u00f8rgen Petersen p\u00e5 tlf. 60 24 11 72 eller mail <a class=\"decorated-link cursor-pointer\" href=\"mailto:jp@lindskov.com\" rel=\"noopener\" data-start=\"882\" data-end=\"897\">jp@lindskov.com<\/a><\/p>\n<\/div><\/div><style type=\"text\/css\">.fusion-body .fusion-builder-column-1{width:100% !important;margin-top : 0px;margin-bottom : 20px;}.fusion-builder-column-1 > .fusion-column-wrapper {padding-top : 0px !important;padding-right : 0px !important;margin-right : 100px;padding-bottom : 0px !important;padding-left : 0px !important;margin-left : 100px;}@media only screen and (max-width:1024px) {.fusion-body .fusion-builder-column-1{width:100% !important;order : 0;}.fusion-builder-column-1 > .fusion-column-wrapper {margin-right : 100px;margin-left : 100px;}}@media only screen and (max-width:360px) {.fusion-body .fusion-builder-column-1{width:100% !important;order : 0;}.fusion-builder-column-1 > .fusion-column-wrapper {margin-right : 1.92%;margin-left : 1.92%;}}<\/style><\/div><\/div><style type=\"text\/css\">.fusion-body .fusion-flex-container.fusion-builder-row-2{ padding-top : 20px;margin-top : 0px;padding-right : 0px;padding-bottom : 0px;margin-bottom : 20;padding-left : 0px;}<\/style><\/div><\/p>\n","protected":false},"excerpt":{"rendered":"","protected":false},"author":1,"featured_media":0,"parent":0,"menu_order":0,"comment_status":"closed","ping_status":"closed","template":"100-width.php","meta":{"inline_featured_image":false,"footnotes":""},"class_list":["post-647","page","type-page","status-publish","hentry"],"yoast_head":"<!-- This site is optimized with the Yoast SEO plugin v27.4 - https:\/\/yoast.com\/product\/yoast-seo-wordpress\/ -->\n<title>Bliv partner - Fagbladet GLAS<\/title>\n<meta name=\"robots\" content=\"index, follow, max-snippet:-1, max-image-preview:large, max-video-preview:-1\" \/>\n<link rel=\"canonical\" href=\"https:\/\/fagbladetglas.dk\/index.php\/bliv-partner\/\" \/>\n<meta property=\"og:locale\" content=\"da_DK\" \/>\n<meta property=\"og:type\" content=\"article\" \/>\n<meta property=\"og:title\" content=\"Bliv partner - Fagbladet GLAS\" \/>\n<meta property=\"og:url\" content=\"https:\/\/fagbladetglas.dk\/index.php\/bliv-partner\/\" \/>\n<meta property=\"og:site_name\" content=\"Fagbladet GLAS\" \/>\n<meta property=\"article:modified_time\" content=\"2026-02-12T13:13:04+00:00\" \/>\n<meta name=\"twitter:card\" content=\"summary_large_image\" \/>\n<meta name=\"twitter:label1\" content=\"Estimeret l\u00e6setid\" \/>\n\t<meta name=\"twitter:data1\" content=\"4 minutter\" \/>\n<script type=\"application\/ld+json\" class=\"yoast-schema-graph\">{\"@context\":\"https:\\\/\\\/schema.org\",\"@graph\":[{\"@type\":\"WebPage\",\"@id\":\"https:\\\/\\\/fagbladetglas.dk\\\/index.php\\\/bliv-partner\\\/\",\"url\":\"https:\\\/\\\/fagbladetglas.dk\\\/index.php\\\/bliv-partner\\\/\",\"name\":\"Bliv partner - Fagbladet GLAS\",\"isPartOf\":{\"@id\":\"https:\\\/\\\/fagbladetglas.dk\\\/#website\"},\"datePublished\":\"2023-01-19T13:02:28+00:00\",\"dateModified\":\"2026-02-12T13:13:04+00:00\",\"breadcrumb\":{\"@id\":\"https:\\\/\\\/fagbladetglas.dk\\\/index.php\\\/bliv-partner\\\/#breadcrumb\"},\"inLanguage\":\"da-DK\",\"potentialAction\":[{\"@type\":\"ReadAction\",\"target\":[\"https:\\\/\\\/fagbladetglas.dk\\\/index.php\\\/bliv-partner\\\/\"]}]},{\"@type\":\"BreadcrumbList\",\"@id\":\"https:\\\/\\\/fagbladetglas.dk\\\/index.php\\\/bliv-partner\\\/#breadcrumb\",\"itemListElement\":[{\"@type\":\"ListItem\",\"position\":1,\"name\":\"Hjem\",\"item\":\"https:\\\/\\\/fagbladetglas.dk\\\/\"},{\"@type\":\"ListItem\",\"position\":2,\"name\":\"Bliv partner\"}]},{\"@type\":\"WebSite\",\"@id\":\"https:\\\/\\\/fagbladetglas.dk\\\/#website\",\"url\":\"https:\\\/\\\/fagbladetglas.dk\\\/\",\"name\":\"Fagbladet GLAS\",\"description\":\"\",\"potentialAction\":[{\"@type\":\"SearchAction\",\"target\":{\"@type\":\"EntryPoint\",\"urlTemplate\":\"https:\\\/\\\/fagbladetglas.dk\\\/?s={search_term_string}\"},\"query-input\":{\"@type\":\"PropertyValueSpecification\",\"valueRequired\":true,\"valueName\":\"search_term_string\"}}],\"inLanguage\":\"da-DK\"}]}<\/script>\n<!-- \/ Yoast SEO plugin. -->","yoast_head_json":{"title":"Bliv partner - Fagbladet GLAS","robots":{"index":"index","follow":"follow","max-snippet":"max-snippet:-1","max-image-preview":"max-image-preview:large","max-video-preview":"max-video-preview:-1"},"canonical":"https:\/\/fagbladetglas.dk\/index.php\/bliv-partner\/","og_locale":"da_DK","og_type":"article","og_title":"Bliv partner - Fagbladet GLAS","og_url":"https:\/\/fagbladetglas.dk\/index.php\/bliv-partner\/","og_site_name":"Fagbladet GLAS","article_modified_time":"2026-02-12T13:13:04+00:00","twitter_card":"summary_large_image","twitter_misc":{"Estimeret l\u00e6setid":"4 minutter"},"schema":{"@context":"https:\/\/schema.org","@graph":[{"@type":"WebPage","@id":"https:\/\/fagbladetglas.dk\/index.php\/bliv-partner\/","url":"https:\/\/fagbladetglas.dk\/index.php\/bliv-partner\/","name":"Bliv partner - Fagbladet GLAS","isPartOf":{"@id":"https:\/\/fagbladetglas.dk\/#website"},"datePublished":"2023-01-19T13:02:28+00:00","dateModified":"2026-02-12T13:13:04+00:00","breadcrumb":{"@id":"https:\/\/fagbladetglas.dk\/index.php\/bliv-partner\/#breadcrumb"},"inLanguage":"da-DK","potentialAction":[{"@type":"ReadAction","target":["https:\/\/fagbladetglas.dk\/index.php\/bliv-partner\/"]}]},{"@type":"BreadcrumbList","@id":"https:\/\/fagbladetglas.dk\/index.php\/bliv-partner\/#breadcrumb","itemListElement":[{"@type":"ListItem","position":1,"name":"Hjem","item":"https:\/\/fagbladetglas.dk\/"},{"@type":"ListItem","position":2,"name":"Bliv partner"}]},{"@type":"WebSite","@id":"https:\/\/fagbladetglas.dk\/#website","url":"https:\/\/fagbladetglas.dk\/","name":"Fagbladet GLAS","description":"","potentialAction":[{"@type":"SearchAction","target":{"@type":"EntryPoint","urlTemplate":"https:\/\/fagbladetglas.dk\/?s={search_term_string}"},"query-input":{"@type":"PropertyValueSpecification","valueRequired":true,"valueName":"search_term_string"}}],"inLanguage":"da-DK"}]}},"_links":{"self":[{"href":"https:\/\/fagbladetglas.dk\/index.php\/wp-json\/wp\/v2\/pages\/647","targetHints":{"allow":["GET"]}}],"collection":[{"href":"https:\/\/fagbladetglas.dk\/index.php\/wp-json\/wp\/v2\/pages"}],"about":[{"href":"https:\/\/fagbladetglas.dk\/index.php\/wp-json\/wp\/v2\/types\/page"}],"author":[{"embeddable":true,"href":"https:\/\/fagbladetglas.dk\/index.php\/wp-json\/wp\/v2\/users\/1"}],"replies":[{"embeddable":true,"href":"https:\/\/fagbladetglas.dk\/index.php\/wp-json\/wp\/v2\/comments?post=647"}],"version-history":[{"count":11,"href":"https:\/\/fagbladetglas.dk\/index.php\/wp-json\/wp\/v2\/pages\/647\/revisions"}],"predecessor-version":[{"id":928,"href":"https:\/\/fagbladetglas.dk\/index.php\/wp-json\/wp\/v2\/pages\/647\/revisions\/928"}],"wp:attachment":[{"href":"https:\/\/fagbladetglas.dk\/index.php\/wp-json\/wp\/v2\/media?parent=647"}],"curies":[{"name":"wp","href":"https:\/\/api.w.org\/{rel}","templated":true}]}}